{"id":561,"date":"2022-12-06T18:03:46","date_gmt":"2022-12-06T18:03:46","guid":{"rendered":"https:\/\/www.axelstivoli.com\/?page_id=561"},"modified":"2024-01-25T13:59:11","modified_gmt":"2024-01-25T13:59:11","slug":"breakdance","status":"publish","type":"page","link":"https:\/\/www.axelstivoli.com\/no\/attraktioner\/breakdance\/","title":{"rendered":"Breakdance"},"content":{"rendered":"<div data-elementor-type=\"wp-page\" data-elementor-id=\"561\" class=\"elementor elementor-561\" data-elementor-post-type=\"page\">\n\t\t\t\t\t\t<section class=\"elementor-section elementor-top-section elementor-element elementor-element-6a54cef elementor-section-boxed elementor-section-height-default elementor-section-height-default\" data-id=\"6a54cef\" data-element_type=\"section\" data-settings=\"{&quot;background_background&quot;:&quot;classic&quot;}\">\n\t\t\t\t\t\t\t<div class=\"elementor-background-overlay\"><\/div>\n\t\t\t\t\t\t\t<div class=\"elementor-container elementor-column-gap-default\">\n\t\t\t\t\t<div class=\"elementor-column elementor-col-100 elementor-top-column elementor-element elementor-element-7695393\" data-id=\"7695393\" data-element_type=\"column\">\n\t\t\t<div class=\"elementor-widget-wrap elementor-element-populated\">\n\t\t\t\t\t\t<div class=\"elementor-element elementor-element-e95c0be elementor-invisible elementor-widget elementor-widget-heading\" data-id=\"e95c0be\" data-element_type=\"widget\" data-settings=\"{&quot;_animation&quot;:&quot;fadeInUp&quot;}\" data-widget_type=\"heading.default\">\n\t\t\t\t<div class=\"elementor-widget-container\">\n\t\t\t\t\t<span class=\"elementor-heading-title elementor-size-default\">Velkommen til v\u00e5r forn\u00f8yelsespark<\/span>\t\t\t\t<\/div>\n\t\t\t\t<\/div>\n\t\t\t\t<div class=\"elementor-element elementor-element-ccfa56a elementor-invisible elementor-widget elementor-widget-heading\" data-id=\"ccfa56a\" data-element_type=\"widget\" data-settings=\"{&quot;_animation&quot;:&quot;fadeInUp&quot;,&quot;_animation_delay&quot;:200}\" data-widget_type=\"heading.default\">\n\t\t\t\t<div class=\"elementor-widget-container\">\n\t\t\t\t\t<h1 class=\"elementor-heading-title elementor-size-default\">Breakdance<\/h1>\t\t\t\t<\/div>\n\t\t\t\t<\/div>\n\t\t\t\t<div class=\"elementor-element elementor-element-cf2c77d elementor-invisible elementor-widget elementor-widget-heading\" data-id=\"cf2c77d\" data-element_type=\"widget\" data-settings=\"{&quot;_animation&quot;:&quot;fadeInUp&quot;,&quot;_animation_delay&quot;:400}\" data-widget_type=\"heading.default\">\n\t\t\t\t<div class=\"elementor-widget-container\">\n\t\t\t\t\t<span class=\"elementor-heading-title elementor-size-default\">Etablert i 1928\n<\/span>\t\t\t\t<\/div>\n\t\t\t\t<\/div>\n\t\t\t\t<div class=\"elementor-element elementor-element-b6a9d76 elementor-absolute elementor-invisible elementor-widget elementor-widget-heading\" data-id=\"b6a9d76\" data-element_type=\"widget\" data-settings=\"{&quot;_position&quot;:&quot;absolute&quot;,&quot;_animation&quot;:&quot;fadeIn&quot;,&quot;_animation_delay&quot;:600}\" data-widget_type=\"heading.default\">\n\t\t\t\t<div class=\"elementor-widget-container\">\n\t\t\t\t\t<div class=\"elementor-heading-title elementor-size-default\">TIVOLI<\/div>\t\t\t\t<\/div>\n\t\t\t\t<\/div>\n\t\t\t\t\t<\/div>\n\t\t<\/div>\n\t\t\t\t\t<\/div>\n\t\t<\/section>\n\t\t\t\t<section class=\"elementor-section elementor-top-section elementor-element elementor-element-e61bf22 elementor-section-boxed elementor-section-height-default elementor-section-height-default\" data-id=\"e61bf22\" data-element_type=\"section\">\n\t\t\t\t\t\t<div class=\"elementor-container elementor-column-gap-default\">\n\t\t\t\t\t<div class=\"elementor-column elementor-col-33 elementor-top-column elementor-element elementor-element-b5e28ca\" data-id=\"b5e28ca\" data-element_type=\"column\">\n\t\t\t<div class=\"elementor-widget-wrap elementor-element-populated\">\n\t\t\t\t\t\t<div class=\"elementor-element elementor-element-1ad5429 elementor-widget elementor-widget-image\" data-id=\"1ad5429\" data-element_type=\"widget\" data-widget_type=\"image.default\">\n\t\t\t\t<div class=\"elementor-widget-container\">\n\t\t\t\t\t\t\t\t\t\t\t\t\t\t\t<img fetchpriority=\"high\" decoding=\"async\" width=\"1600\" height=\"1200\" src=\"https:\/\/www.axelstivoli.com\/wp-content\/uploads\/2023\/12\/Break-Dance.jpg\" class=\"attachment-full size-full wp-image-1048\" alt=\"\" srcset=\"https:\/\/www.axelstivoli.com\/wp-content\/uploads\/2023\/12\/Break-Dance.jpg 1600w, https:\/\/www.axelstivoli.com\/wp-content\/uploads\/2023\/12\/Break-Dance-300x225.jpg 300w, https:\/\/www.axelstivoli.com\/wp-content\/uploads\/2023\/12\/Break-Dance-1024x768.jpg 1024w, https:\/\/www.axelstivoli.com\/wp-content\/uploads\/2023\/12\/Break-Dance-768x576.jpg 768w, https:\/\/www.axelstivoli.com\/wp-content\/uploads\/2023\/12\/Break-Dance-1536x1152.jpg 1536w, https:\/\/www.axelstivoli.com\/wp-content\/uploads\/2023\/12\/Break-Dance-16x12.jpg 16w\" sizes=\"(max-width: 1600px) 100vw, 1600px\" \/>\t\t\t\t\t\t\t\t\t\t\t\t\t\t\t<\/div>\n\t\t\t\t<\/div>\n\t\t\t\t\t<\/div>\n\t\t<\/div>\n\t\t\t\t<div class=\"elementor-column elementor-col-66 elementor-top-column elementor-element elementor-element-15f0717\" data-id=\"15f0717\" data-element_type=\"column\">\n\t\t\t<div class=\"elementor-widget-wrap elementor-element-populated\">\n\t\t\t\t\t\t<div class=\"elementor-element elementor-element-ae811b4 elementor-widget elementor-widget-heading\" data-id=\"ae811b4\" data-element_type=\"widget\" data-widget_type=\"heading.default\">\n\t\t\t\t<div class=\"elementor-widget-container\">\n\t\t\t\t\t<h2 class=\"elementor-heading-title elementor-size-default\">Breakdance<\/h2>\t\t\t\t<\/div>\n\t\t\t\t<\/div>\n\t\t\t\t\t<\/div>\n\t\t<\/div>\n\t\t\t\t\t<\/div>\n\t\t<\/section>\n\t\t\t\t<\/div>","protected":false},"excerpt":{"rendered":"<p>V\u00e4lkommen till v\u00e5rt N\u00f6jesf\u00e4lt Breakdance Etablerat 1928 TIVOLI Breakdance<\/p>","protected":false},"author":1,"featured_media":1048,"parent":436,"menu_order":0,"comment_status":"closed","ping_status":"closed","template":"","meta":{"footnotes":""},"categories":[],"tags":[12],"class_list":["post-561","page","type-page","status-publish","has-post-thumbnail","hentry","tag-breakdance"],"_links":{"self":[{"href":"https:\/\/www.axelstivoli.com\/no\/wp-json\/wp\/v2\/pages\/561","targetHints":{"allow":["GET"]}}],"collection":[{"href":"https:\/\/www.axelstivoli.com\/no\/wp-json\/wp\/v2\/pages"}],"about":[{"href":"https:\/\/www.axelstivoli.com\/no\/wp-json\/wp\/v2\/types\/page"}],"author":[{"embeddable":true,"href":"https:\/\/www.axelstivoli.com\/no\/wp-json\/wp\/v2\/users\/1"}],"replies":[{"embeddable":true,"href":"https:\/\/www.axelstivoli.com\/no\/wp-json\/wp\/v2\/comments?post=561"}],"version-history":[{"count":8,"href":"https:\/\/www.axelstivoli.com\/no\/wp-json\/wp\/v2\/pages\/561\/revisions"}],"predecessor-version":[{"id":1052,"href":"https:\/\/www.axelstivoli.com\/no\/wp-json\/wp\/v2\/pages\/561\/revisions\/1052"}],"up":[{"embeddable":true,"href":"https:\/\/www.axelstivoli.com\/no\/wp-json\/wp\/v2\/pages\/436"}],"wp:featuredmedia":[{"embeddable":true,"href":"https:\/\/www.axelstivoli.com\/no\/wp-json\/wp\/v2\/media\/1048"}],"wp:attachment":[{"href":"https:\/\/www.axelstivoli.com\/no\/wp-json\/wp\/v2\/media?parent=561"}],"wp:term":[{"taxonomy":"category","embeddable":true,"href":"https:\/\/www.axelstivoli.com\/no\/wp-json\/wp\/v2\/categories?post=561"},{"taxonomy":"post_tag","embeddable":true,"href":"https:\/\/www.axelstivoli.com\/no\/wp-json\/wp\/v2\/tags?post=561"}],"curies":[{"name":"wp","href":"https:\/\/api.w.org\/{rel}","templated":true}]}}