{"id":559,"date":"2022-12-06T18:03:13","date_gmt":"2022-12-06T18:03:13","guid":{"rendered":"https:\/\/www.axelstivoli.com\/?page_id=559"},"modified":"2022-12-21T19:23:17","modified_gmt":"2022-12-21T19:23:17","slug":"flying-elephants","status":"publish","type":"page","link":"https:\/\/www.axelstivoli.com\/no\/attraktioner\/flying-elephants\/","title":{"rendered":"Flying Elephants"},"content":{"rendered":"<div data-elementor-type=\"wp-page\" data-elementor-id=\"559\" class=\"elementor elementor-559\" data-elementor-post-type=\"page\">\n\t\t\t\t\t\t<section class=\"elementor-section elementor-top-section elementor-element elementor-element-6a54cef elementor-section-boxed elementor-section-height-default elementor-section-height-default\" data-id=\"6a54cef\" data-element_type=\"section\" data-settings=\"{&quot;background_background&quot;:&quot;classic&quot;}\">\n\t\t\t\t\t\t\t<div class=\"elementor-background-overlay\"><\/div>\n\t\t\t\t\t\t\t<div class=\"elementor-container elementor-column-gap-default\">\n\t\t\t\t\t<div class=\"elementor-column elementor-col-100 elementor-top-column elementor-element elementor-element-7695393\" data-id=\"7695393\" data-element_type=\"column\">\n\t\t\t<div class=\"elementor-widget-wrap elementor-element-populated\">\n\t\t\t\t\t\t<div class=\"elementor-element elementor-element-e95c0be elementor-invisible elementor-widget elementor-widget-heading\" data-id=\"e95c0be\" data-element_type=\"widget\" data-settings=\"{&quot;_animation&quot;:&quot;fadeInUp&quot;}\" data-widget_type=\"heading.default\">\n\t\t\t\t<div class=\"elementor-widget-container\">\n\t\t\t\t\t<span class=\"elementor-heading-title elementor-size-default\">Velkommen til v\u00e5r forn\u00f8yelsespark<\/span>\t\t\t\t<\/div>\n\t\t\t\t<\/div>\n\t\t\t\t<div class=\"elementor-element elementor-element-ccfa56a elementor-invisible elementor-widget elementor-widget-heading\" data-id=\"ccfa56a\" data-element_type=\"widget\" data-settings=\"{&quot;_animation&quot;:&quot;fadeInUp&quot;,&quot;_animation_delay&quot;:200}\" data-widget_type=\"heading.default\">\n\t\t\t\t<div class=\"elementor-widget-container\">\n\t\t\t\t\t<h1 class=\"elementor-heading-title elementor-size-default\">Flying Elephants<\/h1>\t\t\t\t<\/div>\n\t\t\t\t<\/div>\n\t\t\t\t<div class=\"elementor-element elementor-element-cf2c77d elementor-invisible elementor-widget elementor-widget-heading\" data-id=\"cf2c77d\" data-element_type=\"widget\" data-settings=\"{&quot;_animation&quot;:&quot;fadeInUp&quot;,&quot;_animation_delay&quot;:400}\" data-widget_type=\"heading.default\">\n\t\t\t\t<div class=\"elementor-widget-container\">\n\t\t\t\t\t<span class=\"elementor-heading-title elementor-size-default\">Etablert i 1928\n<\/span>\t\t\t\t<\/div>\n\t\t\t\t<\/div>\n\t\t\t\t<div class=\"elementor-element elementor-element-b6a9d76 elementor-absolute elementor-invisible elementor-widget elementor-widget-heading\" data-id=\"b6a9d76\" data-element_type=\"widget\" data-settings=\"{&quot;_position&quot;:&quot;absolute&quot;,&quot;_animation&quot;:&quot;fadeIn&quot;,&quot;_animation_delay&quot;:600}\" data-widget_type=\"heading.default\">\n\t\t\t\t<div class=\"elementor-widget-container\">\n\t\t\t\t\t<div class=\"elementor-heading-title elementor-size-default\">TIVOLI<\/div>\t\t\t\t<\/div>\n\t\t\t\t<\/div>\n\t\t\t\t\t<\/div>\n\t\t<\/div>\n\t\t\t\t\t<\/div>\n\t\t<\/section>\n\t\t\t\t<section class=\"elementor-section elementor-top-section elementor-element elementor-element-b4a2b20 elementor-section-boxed elementor-section-height-default elementor-section-height-default\" data-id=\"b4a2b20\" data-element_type=\"section\">\n\t\t\t\t\t\t<div class=\"elementor-container elementor-column-gap-default\">\n\t\t\t\t\t<div class=\"elementor-column elementor-col-33 elementor-top-column elementor-element elementor-element-72eaf3d\" data-id=\"72eaf3d\" data-element_type=\"column\">\n\t\t\t<div class=\"elementor-widget-wrap elementor-element-populated\">\n\t\t\t\t\t\t<div class=\"elementor-element elementor-element-71df956 elementor-widget elementor-widget-image\" data-id=\"71df956\" data-element_type=\"widget\" data-widget_type=\"image.default\">\n\t\t\t\t<div class=\"elementor-widget-container\">\n\t\t\t\t\t\t\t\t\t\t\t\t\t\t\t<img fetchpriority=\"high\" decoding=\"async\" width=\"1171\" height=\"736\" src=\"https:\/\/www.axelstivoli.com\/wp-content\/uploads\/2022\/10\/Elephant.png\" class=\"attachment-full size-full wp-image-465\" alt=\"Flying Elephants\" srcset=\"https:\/\/www.axelstivoli.com\/wp-content\/uploads\/2022\/10\/Elephant.png 1171w, https:\/\/www.axelstivoli.com\/wp-content\/uploads\/2022\/10\/Elephant-300x189.png 300w, https:\/\/www.axelstivoli.com\/wp-content\/uploads\/2022\/10\/Elephant-1024x644.png 1024w, https:\/\/www.axelstivoli.com\/wp-content\/uploads\/2022\/10\/Elephant-768x483.png 768w\" sizes=\"(max-width: 1171px) 100vw, 1171px\" \/>\t\t\t\t\t\t\t\t\t\t\t\t\t\t\t<\/div>\n\t\t\t\t<\/div>\n\t\t\t\t\t<\/div>\n\t\t<\/div>\n\t\t\t\t<div class=\"elementor-column elementor-col-66 elementor-top-column elementor-element elementor-element-37451a6\" data-id=\"37451a6\" data-element_type=\"column\">\n\t\t\t<div class=\"elementor-widget-wrap elementor-element-populated\">\n\t\t\t\t\t\t<div class=\"elementor-element elementor-element-432cd40 elementor-widget elementor-widget-heading\" data-id=\"432cd40\" data-element_type=\"widget\" data-widget_type=\"heading.default\">\n\t\t\t\t<div class=\"elementor-widget-container\">\n\t\t\t\t\t<h2 class=\"elementor-heading-title elementor-size-default\">Flying Elephants<\/h2>\t\t\t\t<\/div>\n\t\t\t\t<\/div>\n\t\t\t\t\t<\/div>\n\t\t<\/div>\n\t\t\t\t\t<\/div>\n\t\t<\/section>\n\t\t\t\t<\/div>","protected":false},"excerpt":{"rendered":"<p>V\u00e4lkommen till v\u00e5rt N\u00f6jesf\u00e4lt Flying Elephants Etablerat 1928 TIVOLI Flying Elephants<\/p>","protected":false},"author":1,"featured_media":0,"parent":436,"menu_order":0,"comment_status":"closed","ping_status":"closed","template":"","meta":{"footnotes":""},"categories":[],"tags":[],"class_list":["post-559","page","type-page","status-publish","hentry"],"_links":{"self":[{"href":"https:\/\/www.axelstivoli.com\/no\/wp-json\/wp\/v2\/pages\/559","targetHints":{"allow":["GET"]}}],"collection":[{"href":"https:\/\/www.axelstivoli.com\/no\/wp-json\/wp\/v2\/pages"}],"about":[{"href":"https:\/\/www.axelstivoli.com\/no\/wp-json\/wp\/v2\/types\/page"}],"author":[{"embeddable":true,"href":"https:\/\/www.axelstivoli.com\/no\/wp-json\/wp\/v2\/users\/1"}],"replies":[{"embeddable":true,"href":"https:\/\/www.axelstivoli.com\/no\/wp-json\/wp\/v2\/comments?post=559"}],"version-history":[{"count":4,"href":"https:\/\/www.axelstivoli.com\/no\/wp-json\/wp\/v2\/pages\/559\/revisions"}],"predecessor-version":[{"id":675,"href":"https:\/\/www.axelstivoli.com\/no\/wp-json\/wp\/v2\/pages\/559\/revisions\/675"}],"up":[{"embeddable":true,"href":"https:\/\/www.axelstivoli.com\/no\/wp-json\/wp\/v2\/pages\/436"}],"wp:attachment":[{"href":"https:\/\/www.axelstivoli.com\/no\/wp-json\/wp\/v2\/media?parent=559"}],"wp:term":[{"taxonomy":"category","embeddable":true,"href":"https:\/\/www.axelstivoli.com\/no\/wp-json\/wp\/v2\/categories?post=559"},{"taxonomy":"post_tag","embeddable":true,"href":"https:\/\/www.axelstivoli.com\/no\/wp-json\/wp\/v2\/tags?post=559"}],"curies":[{"name":"wp","href":"https:\/\/api.w.org\/{rel}","templated":true}]}}