{"id":556,"date":"2022-12-06T17:59:03","date_gmt":"2022-12-06T17:59:03","guid":{"rendered":"https:\/\/www.axelstivoli.com\/?page_id=556"},"modified":"2023-08-30T11:52:53","modified_gmt":"2023-08-30T11:52:53","slug":"thriller-2","status":"publish","type":"page","link":"https:\/\/www.axelstivoli.com\/no\/attraktioner\/thriller-2\/","title":{"rendered":"Thriller"},"content":{"rendered":"<div data-elementor-type=\"wp-page\" data-elementor-id=\"556\" class=\"elementor elementor-556\" data-elementor-post-type=\"page\">\n\t\t\t\t\t\t<section class=\"elementor-section elementor-top-section elementor-element elementor-element-6a54cef elementor-section-boxed elementor-section-height-default elementor-section-height-default\" data-id=\"6a54cef\" data-element_type=\"section\" data-settings=\"{&quot;background_background&quot;:&quot;classic&quot;}\">\n\t\t\t\t\t\t\t<div class=\"elementor-background-overlay\"><\/div>\n\t\t\t\t\t\t\t<div class=\"elementor-container elementor-column-gap-default\">\n\t\t\t\t\t<div class=\"elementor-column elementor-col-100 elementor-top-column elementor-element elementor-element-7695393\" data-id=\"7695393\" data-element_type=\"column\">\n\t\t\t<div class=\"elementor-widget-wrap elementor-element-populated\">\n\t\t\t\t\t\t<div class=\"elementor-element elementor-element-e95c0be elementor-invisible elementor-widget elementor-widget-heading\" data-id=\"e95c0be\" data-element_type=\"widget\" data-settings=\"{&quot;_animation&quot;:&quot;fadeInUp&quot;}\" data-widget_type=\"heading.default\">\n\t\t\t\t<div class=\"elementor-widget-container\">\n\t\t\t\t\t<span class=\"elementor-heading-title elementor-size-default\">Velkommen til v\u00e5r forn\u00f8yelsespark<\/span>\t\t\t\t<\/div>\n\t\t\t\t<\/div>\n\t\t\t\t<div class=\"elementor-element elementor-element-ccfa56a elementor-invisible elementor-widget elementor-widget-heading\" data-id=\"ccfa56a\" data-element_type=\"widget\" data-settings=\"{&quot;_animation&quot;:&quot;fadeInUp&quot;,&quot;_animation_delay&quot;:200}\" data-widget_type=\"heading.default\">\n\t\t\t\t<div class=\"elementor-widget-container\">\n\t\t\t\t\t<h1 class=\"elementor-heading-title elementor-size-default\">Thriller<\/h1>\t\t\t\t<\/div>\n\t\t\t\t<\/div>\n\t\t\t\t<div class=\"elementor-element elementor-element-cf2c77d elementor-invisible elementor-widget elementor-widget-heading\" data-id=\"cf2c77d\" data-element_type=\"widget\" data-settings=\"{&quot;_animation&quot;:&quot;fadeInUp&quot;,&quot;_animation_delay&quot;:400}\" data-widget_type=\"heading.default\">\n\t\t\t\t<div class=\"elementor-widget-container\">\n\t\t\t\t\t<span class=\"elementor-heading-title elementor-size-default\">Etablert i 1928\n<\/span>\t\t\t\t<\/div>\n\t\t\t\t<\/div>\n\t\t\t\t<div class=\"elementor-element elementor-element-b6a9d76 elementor-absolute elementor-invisible elementor-widget elementor-widget-heading\" data-id=\"b6a9d76\" data-element_type=\"widget\" data-settings=\"{&quot;_position&quot;:&quot;absolute&quot;,&quot;_animation&quot;:&quot;fadeIn&quot;,&quot;_animation_delay&quot;:600}\" data-widget_type=\"heading.default\">\n\t\t\t\t<div class=\"elementor-widget-container\">\n\t\t\t\t\t<div class=\"elementor-heading-title elementor-size-default\">TIVOLI<\/div>\t\t\t\t<\/div>\n\t\t\t\t<\/div>\n\t\t\t\t\t<\/div>\n\t\t<\/div>\n\t\t\t\t\t<\/div>\n\t\t<\/section>\n\t\t\t\t<section class=\"elementor-section elementor-top-section elementor-element elementor-element-acc9657 elementor-section-boxed elementor-section-height-default elementor-section-height-default\" data-id=\"acc9657\" data-element_type=\"section\">\n\t\t\t\t\t\t<div class=\"elementor-container elementor-column-gap-default\">\n\t\t\t\t\t<div class=\"elementor-column elementor-col-33 elementor-top-column elementor-element elementor-element-d303a8d\" data-id=\"d303a8d\" data-element_type=\"column\">\n\t\t\t<div class=\"elementor-widget-wrap elementor-element-populated\">\n\t\t\t\t\t\t<div class=\"elementor-element elementor-element-dc75c54 elementor-widget elementor-widget-image\" data-id=\"dc75c54\" data-element_type=\"widget\" data-widget_type=\"image.default\">\n\t\t\t\t<div class=\"elementor-widget-container\">\n\t\t\t\t\t\t\t\t\t\t\t\t\t\t\t<img fetchpriority=\"high\" decoding=\"async\" width=\"2000\" height=\"1333\" src=\"https:\/\/www.axelstivoli.com\/wp-content\/uploads\/2022\/10\/Thriller.jpg\" class=\"attachment-full size-full wp-image-461\" alt=\"Thriller\" srcset=\"https:\/\/www.axelstivoli.com\/wp-content\/uploads\/2022\/10\/Thriller.jpg 2000w, https:\/\/www.axelstivoli.com\/wp-content\/uploads\/2022\/10\/Thriller-300x200.jpg 300w, https:\/\/www.axelstivoli.com\/wp-content\/uploads\/2022\/10\/Thriller-1024x682.jpg 1024w, https:\/\/www.axelstivoli.com\/wp-content\/uploads\/2022\/10\/Thriller-768x512.jpg 768w, https:\/\/www.axelstivoli.com\/wp-content\/uploads\/2022\/10\/Thriller-1536x1024.jpg 1536w\" sizes=\"(max-width: 2000px) 100vw, 2000px\" \/>\t\t\t\t\t\t\t\t\t\t\t\t\t\t\t<\/div>\n\t\t\t\t<\/div>\n\t\t\t\t\t<\/div>\n\t\t<\/div>\n\t\t\t\t<div class=\"elementor-column elementor-col-66 elementor-top-column elementor-element elementor-element-cbdf2b8\" data-id=\"cbdf2b8\" data-element_type=\"column\">\n\t\t\t<div class=\"elementor-widget-wrap elementor-element-populated\">\n\t\t\t\t\t\t<div class=\"elementor-element elementor-element-596ebc9 elementor-widget elementor-widget-heading\" data-id=\"596ebc9\" data-element_type=\"widget\" data-widget_type=\"heading.default\">\n\t\t\t\t<div class=\"elementor-widget-container\">\n\t\t\t\t\t<h2 class=\"elementor-heading-title elementor-size-default\">Thriller<\/h2>\t\t\t\t<\/div>\n\t\t\t\t<\/div>\n\t\t\t\t\t<\/div>\n\t\t<\/div>\n\t\t\t\t\t<\/div>\n\t\t<\/section>\n\t\t\t\t<\/div>","protected":false},"excerpt":{"rendered":"<p>V\u00e4lkommen till v\u00e5rt N\u00f6jesf\u00e4lt Thriller Etablerat 1928 TIVOLI Thriller<\/p>","protected":false},"author":1,"featured_media":461,"parent":436,"menu_order":0,"comment_status":"closed","ping_status":"closed","template":"","meta":{"footnotes":""},"categories":[],"tags":[15],"class_list":["post-556","page","type-page","status-publish","has-post-thumbnail","hentry","tag-thriller"],"_links":{"self":[{"href":"https:\/\/www.axelstivoli.com\/no\/wp-json\/wp\/v2\/pages\/556","targetHints":{"allow":["GET"]}}],"collection":[{"href":"https:\/\/www.axelstivoli.com\/no\/wp-json\/wp\/v2\/pages"}],"about":[{"href":"https:\/\/www.axelstivoli.com\/no\/wp-json\/wp\/v2\/types\/page"}],"author":[{"embeddable":true,"href":"https:\/\/www.axelstivoli.com\/no\/wp-json\/wp\/v2\/users\/1"}],"replies":[{"embeddable":true,"href":"https:\/\/www.axelstivoli.com\/no\/wp-json\/wp\/v2\/comments?post=556"}],"version-history":[{"count":5,"href":"https:\/\/www.axelstivoli.com\/no\/wp-json\/wp\/v2\/pages\/556\/revisions"}],"predecessor-version":[{"id":988,"href":"https:\/\/www.axelstivoli.com\/no\/wp-json\/wp\/v2\/pages\/556\/revisions\/988"}],"up":[{"embeddable":true,"href":"https:\/\/www.axelstivoli.com\/no\/wp-json\/wp\/v2\/pages\/436"}],"wp:featuredmedia":[{"embeddable":true,"href":"https:\/\/www.axelstivoli.com\/no\/wp-json\/wp\/v2\/media\/461"}],"wp:attachment":[{"href":"https:\/\/www.axelstivoli.com\/no\/wp-json\/wp\/v2\/media?parent=556"}],"wp:term":[{"taxonomy":"category","embeddable":true,"href":"https:\/\/www.axelstivoli.com\/no\/wp-json\/wp\/v2\/categories?post=556"},{"taxonomy":"post_tag","embeddable":true,"href":"https:\/\/www.axelstivoli.com\/no\/wp-json\/wp\/v2\/tags?post=556"}],"curies":[{"name":"wp","href":"https:\/\/api.w.org\/{rel}","templated":true}]}}